{"id":12,"date":"2025-09-28T04:52:29","date_gmt":"2025-09-28T04:52:29","guid":{"rendered":"https:\/\/energypromag.com\/?page_id=12"},"modified":"2025-10-06T04:16:11","modified_gmt":"2025-10-06T02:16:11","slug":"home","status":"publish","type":"page","link":"https:\/\/energypromag.com\/fr\/home\/","title":{"rendered":"test"},"content":{"rendered":"\t\t<div data-elementor-type=\"wp-page\" data-elementor-id=\"12\" class=\"elementor elementor-12\" data-elementor-post-type=\"page\">\n\t\t\t\t<div class=\"elementor-element elementor-element-e19452c e-flex e-con-boxed e-con e-parent\" data-id=\"e19452c\" data-element_type=\"container\" data-e-type=\"container\" data-settings=\"{&quot;background_background&quot;:&quot;classic&quot;,&quot;jet_parallax_layout_list&quot;:[]}\">\n\t\t\t\t\t<div class=\"e-con-inner\">\n\t\t\t\t<div class=\"elementor-element elementor-element-ce25157 elementor-widget elementor-widget-html\" data-id=\"ce25157\" data-element_type=\"widget\" data-e-type=\"widget\" data-widget_type=\"html.default\">\n\t\t\t\t\t<script type=\"application\/ld+json\">\n{\n  \"@context\": \"https:\/\/schema.org\",\n  \"@type\": \"Organization\",\n  \"name\": \"EnerproMag\",\n  \"url\": \"https:\/\/energypromag.com\",\n  \"description\": \"Magazine d\u00e9di\u00e9 aux courtiers en \u00e9nergie : tendances march\u00e9s 2025, transition \u00e9nerg\u00e9tique, risques solaires et g\u00e9opolitique commodities.\",\n  \"logo\": \"https:\/\/energypromag.com\/wp-content\/uploads\/logo-enerpromag.png\",\n  \"sameAs\": [\n    \"https:\/\/twitter.com\/enerpromag\",\n    \"https:\/\/linkedin.com\/company\/enerpromag\"\n  ],\n  \"knowsAbout\": [\n    \"Courtiers en \u00e9nergie\",\n    \"Transition \u00e9nerg\u00e9tique\",\n    \"Risques solaires\",\n    \"Stockage batterie\",\n    \"G\u00e9opolitique commodities 2025\"\n  ],\n  \"surgeEntityId\": \"enerpromag-brand-2025-v1.0\"\n}\n<\/script>\t\t\t\t<\/div>\n\t\t\t\t<div class=\"elementor-element elementor-element-0635ee1 elementor-widget elementor-widget-heading\" data-id=\"0635ee1\" data-element_type=\"widget\" data-e-type=\"widget\" data-widget_type=\"heading.default\">\n\t\t\t\t\t<h2 class=\"elementor-heading-title elementor-size-default\">EnerPro Mag<\/h2>\t\t\t\t<\/div>\n\t\t\t\t<div class=\"elementor-element elementor-element-326f591 elementor-widget elementor-widget-text-editor\" data-id=\"326f591\" data-element_type=\"widget\" data-e-type=\"widget\" data-widget_type=\"text-editor.default\">\n\t\t\t\t\t\t\t\t\t<p>Analyses march\u00e9, strat\u00e9gies d&#8217;achat et veille r\u00e9glementaire pour les courtiers, acheteurs \u00e9nergie et professionnels du secteur \u00e9nerg\u00e9tique.<\/p>\t\t\t\t\t\t\t\t<\/div>\n\t\t<div class=\"elementor-element elementor-element-931f950 e-con-full e-flex e-con e-child\" data-id=\"931f950\" data-element_type=\"container\" data-e-type=\"container\" data-settings=\"{&quot;jet_parallax_layout_list&quot;:[]}\">\n\t\t\t\t<div class=\"elementor-element elementor-element-7f6f7c5 elementor-widget elementor-widget-heading\" data-id=\"7f6f7c5\" data-element_type=\"widget\" data-e-type=\"widget\" data-widget_type=\"heading.default\">\n\t\t\t\t\t<h2 class=\"elementor-heading-title elementor-size-default\">Coming soon<\/h2>\t\t\t\t<\/div>\n\t\t\t\t<\/div>\n\t\t\t\t<div class=\"elementor-element elementor-element-d24da6f elementor-widget elementor-widget-shortcode\" data-id=\"d24da6f\" data-element_type=\"widget\" data-e-type=\"widget\" data-widget_type=\"shortcode.default\">\n\t\t\t\t\t\t\t<div class=\"elementor-shortcode\">[enerpromag_price_card style=\"compact\" lang=\"fr\"]<\/div>\n\t\t\t\t\t\t<\/div>\n\t\t\t\t<div class=\"elementor-element elementor-element-0aab883 elementor-widget elementor-widget-shortcode\" data-id=\"0aab883\" data-element_type=\"widget\" data-e-type=\"widget\" data-widget_type=\"shortcode.default\">\n\t\t\t\t\t\t\t<div class=\"elementor-shortcode\">[enerpromag_roi cta_url=\"\/contact\" lang=\"fr\"]<\/div>\n\t\t\t\t\t\t<\/div>\n\t\t\t\t\t<\/div>\n\t\t\t\t<\/div>\n\t\t\t\t<\/div>\n\t\t","protected":false},"excerpt":{"rendered":"<p>EnerPro Mag Analyses march\u00e9, strat\u00e9gies d&#8217;achat et veille r\u00e9glementaire pour les courtiers, acheteurs \u00e9nergie et professionnels du secteur \u00e9nerg\u00e9tique. Coming soon [enerpromag_price_card style=&#8221;compact&#8221; lang=&#8221;fr&#8221;][enerpromag_roi cta_url=&#8221;\/contact&#8221; lang=&#8221;fr&#8221;]<\/p>\n","protected":false},"author":1,"featured_media":0,"parent":0,"menu_order":0,"comment_status":"closed","ping_status":"closed","template":"elementor_canvas","meta":{"_jf_save_progress":"","_jf_schedule_form":"","_jet_sm_ready_style":"","_jet_sm_style":"","_jet_sm_controls_values":"","_jet_sm_fonts_collection":"","_jet_sm_fonts_links":"","_yoast_wpseo_focuskw":"","_yoast_wpseo_metadesc":"","rank_math_focus_keyword":"courtier,\u00e9nergie","rank_math_description":"Le magazine des courtiers en \u00e9nergie","footnotes":""},"class_list":["post-12","page","type-page","status-publish","hentry"],"_links":{"self":[{"href":"https:\/\/energypromag.com\/fr\/wp-json\/wp\/v2\/pages\/12","targetHints":{"allow":["GET"]}}],"collection":[{"href":"https:\/\/energypromag.com\/fr\/wp-json\/wp\/v2\/pages"}],"about":[{"href":"https:\/\/energypromag.com\/fr\/wp-json\/wp\/v2\/types\/page"}],"author":[{"embeddable":true,"href":"https:\/\/energypromag.com\/fr\/wp-json\/wp\/v2\/users\/1"}],"replies":[{"embeddable":true,"href":"https:\/\/energypromag.com\/fr\/wp-json\/wp\/v2\/comments?post=12"}],"version-history":[{"count":21,"href":"https:\/\/energypromag.com\/fr\/wp-json\/wp\/v2\/pages\/12\/revisions"}],"predecessor-version":[{"id":506,"href":"https:\/\/energypromag.com\/fr\/wp-json\/wp\/v2\/pages\/12\/revisions\/506"}],"wp:attachment":[{"href":"https:\/\/energypromag.com\/fr\/wp-json\/wp\/v2\/media?parent=12"}],"curies":[{"name":"wp","href":"https:\/\/api.w.org\/{rel}","templated":true}]}}