{"id":6692,"date":"2025-12-06T01:42:12","date_gmt":"2025-12-05T23:42:12","guid":{"rendered":"https:\/\/energypromag.com\/?page_id=6692"},"modified":"2025-12-06T01:47:05","modified_gmt":"2025-12-05T23:47:05","slug":"simulador-de-roi-para-corredores-de-energia","status":"publish","type":"page","link":"https:\/\/energypromag.com\/es\/simulador-de-roi-para-corredores-de-energia\/","title":{"rendered":"Simulador de ROI para corredores de energ\u00eda"},"content":{"rendered":"\t\t<div data-elementor-type=\"wp-page\" data-elementor-id=\"6692\" class=\"elementor elementor-6692\" data-elementor-post-type=\"page\">\n\t\t\t\t<div class=\"elementor-element elementor-element-586c269 e-flex e-con-boxed e-con e-parent\" data-id=\"586c269\" data-element_type=\"container\" data-settings=\"{&quot;jet_parallax_layout_list&quot;:[]}\">\n\t\t\t\t\t<div class=\"e-con-inner\">\n\t\t<div class=\"elementor-element elementor-element-97bb915 e-con-full e-flex e-con e-child\" data-id=\"97bb915\" data-element_type=\"container\" data-settings=\"{&quot;jet_parallax_layout_list&quot;:[]}\">\n\t\t\t\t<div class=\"elementor-element elementor-element-aaa51cc elementor-widget elementor-widget-heading\" data-id=\"aaa51cc\" data-element_type=\"widget\" data-widget_type=\"heading.default\">\n\t\t\t\t\t<h2 class=\"elementor-heading-title elementor-size-default\">Simulador de ROI para corredores de energ\u00eda<\/h2>\t\t\t\t<\/div>\n\t\t\t\t<div class=\"elementor-element elementor-element-013c1c7 elementor-widget__width-initial elementor-widget elementor-widget-text-editor\" data-id=\"013c1c7\" data-element_type=\"widget\" data-widget_type=\"text-editor.default\">\n\t\t\t\t\t\t\t\t\t<p>\u00a0<\/p><p style=\"text-align: left;\">Este simulador ha sido especialmente dise\u00f1ado para los corredores de energ\u00eda B2B que desean medir la rentabilidad real de su actividad.<\/p><p style=\"text-align: left;\">En pocos segundos, le permite estimar sus ingresos potenciales (volumen de negocios), su margen total y su \u00edndice de rendimiento (ROI) en funci\u00f3n de su volumen de contratos, su tasa de comisi\u00f3n y el precio medio negociado con los proveedores.<\/p><p style=\"text-align: left;\">Esta herramienta es ideal para:<\/p><ul><li style=\"text-align: left;\">Evaluaci\u00f3n de la viabilidad econ\u00f3mica de su empresa o red de corretaje;<\/li><li style=\"text-align: left;\">Identificar las palancas de optimizaci\u00f3n para su rentabilidad (comisiones, duraci\u00f3n del contrato, volumen de clientes);<\/li><li style=\"text-align: left;\">Comparaci\u00f3n de diferentes escenarios de crecimiento antes de una contrataci\u00f3n o asociaci\u00f3n con un proveedor..<\/li><\/ul><p style=\"text-align: left;\">El resultado: una visi\u00f3n clara y cuantificada de su rendimiento anual de la inversi\u00f3n, esencial para gestionar su actividad como un aut\u00e9ntico l\u00edder empresarial.<\/p>\t\t\t\t\t\t\t\t<\/div>\n\t\t\t\t<div class=\"elementor-element elementor-element-d9eacae elementor-widget elementor-widget-html\" data-id=\"d9eacae\" data-element_type=\"widget\" data-widget_type=\"html.default\">\n\t\t\t\t\t<!-- ENERGY BROKER ROI SIMULATOR \u2013 EnergyProMag -->\r\n<div class=\"roi-simulateur\" id=\"roi-courtier\">\r\n  <style>\r\n    .roi-simulateur {\r\n      --accent:#007b83; --accent2:#00a8a8;\r\n      --ok:#1b9e3f; --warn:#e6a700; --bad:#c62828;\r\n      --bg:#f7fbfc; --text:#1f2d3d; font-family:system-ui,-apple-system,\"Segoe UI\",Roboto,Ubuntu,Arial,sans-serif;\r\n      color:var(--text); margin:1.5em 0;\r\n    }\r\n    .roi-simulateur .card {\r\n      max-width:850px; margin:auto; background:#fff; border:1px solid #e6eef1;\r\n      border-radius:14px; box-shadow:0 6px 24px rgba(2,24,34,0.06); overflow:hidden;\r\n    }\r\n    .roi-simulateur header {\r\n      padding:20px; background:linear-gradient(90deg,var(--accent),var(--accent2)); color:#fff;\r\n    }\r\n    .roi-simulateur h2 { margin:0; font-size:1.3rem; }\r\n    .roi-simulateur form { padding:20px; }\r\n    .roi-simulateur .field { margin-bottom:15px; }\r\n    .roi-simulateur label { display:block; font-weight:600; margin-bottom:6px; }\r\n    .roi-simulateur input {\r\n      width:100%; padding:8px 10px; border:1px solid #cfe3e7; border-radius:8px; font-size:1rem;\r\n    }\r\n    .roi-simulateur input:focus { border-color:var(--accent); outline:none; }\r\n    .roi-simulateur button {\r\n      border:none; border-radius:8px; padding:10px 18px; font-weight:bold; cursor:pointer; color:#fff;\r\n      background:var(--accent); margin-top:10px; transition:0.3s;\r\n    }\r\n    .roi-simulateur button:hover { background:var(--accent2); }\r\n    .roi-simulateur .result {\r\n      display:none; margin:20px; padding:15px; border-radius:10px; border:1px solid #e6eef1; background:#fff;\r\n    }\r\n    .roi-simulateur .result.show { display:block; }\r\n    .roi-simulateur .badge {\r\n      display:inline-block; padding:6px 10px; margin-top:8px; border-radius:999px; font-weight:bold; font-size:0.9rem;\r\n    }\r\n    .badge.excellent {\r\n      background:rgba(27,158,63,0.1); color:var(--ok); border:1px solid rgba(27,158,63,0.2);\r\n    }\r\n    .badge.moyen {\r\n      background:rgba(230,167,0,0.1); color:var(--warn); border:1px solid rgba(230,167,0,0.2);\r\n    }\r\n    .badge.faible {\r\n      background:rgba(198,40,40,0.1); color:var(--bad); border:1px solid rgba(198,40,40,0.2);\r\n    }\r\n    .roi-simulateur .metrics { display:grid; grid-template-columns:repeat(auto-fit,minmax(180px,1fr)); gap:14px; margin-top:12px; }\r\n    .roi-simulateur .metric {\r\n      background:var(--bg); border:1px solid #e6eef1; border-radius:10px; padding:10px 12px; text-align:center;\r\n    }\r\n    .roi-simulateur .metric b { display:block; font-size:1.1rem; }\r\n  <\/style>\r\n\r\n <div class=\"card\">\r\n    <header>\r\n      <h2>\ud83d\udcb0 Simulador de Retorno de la Inversi\u00f3n (ROI) para Br\u00f3ker Energ\u00e9tico<\/h2>\r\n      <p>Estime sus ingresos, margen y rentabilidad anual en segundos.<\/p>\r\n    <\/header>\r\n\r\n    <form id=\"roi-form\">\r\n      <div class=\"field\">\r\n        <label>N\u00famero de contratos firmados por mes<\/label>\r\n        <input type=\"number\" id=\"contrats\" placeholder=\"ej.: 30\" min=\"1\">\r\n      <\/div>\r\n      <div class=\"field\">\r\n        <label>Consumo promedio por cliente (MWh\/a\u00f1o)<\/label>\r\n        <input type=\"number\" id=\"conso\" placeholder=\"ej.: 200\" min=\"1\">\r\n      <\/div>\r\n      <div class=\"field\">\r\n        <label>Precio promedio de energ\u00eda negociado (\u20ac\/MWh)<\/label>\r\n        <input type=\"number\" id=\"prix\" placeholder=\"ej.: 120\" min=\"1\">\r\n      <\/div>\r\n      <div class=\"field\">\r\n        <label>Porcentaje de comisi\u00f3n del br\u00f3ker (%)<\/label>\r\n        <input type=\"number\" id=\"commission\" placeholder=\"ej.: 2\" min=\"0\" step=\"0.1\">\r\n      <\/div>\r\n      <div class=\"field\">\r\n        <label>Duraci\u00f3n promedio del contrato (a\u00f1os)<\/label>\r\n        <input type=\"number\" id=\"duree\" placeholder=\"ej.: 3\" min=\"1\">\r\n      <\/div>\r\n\r\n      <button type=\"button\" id=\"calculer\">Calcular Mi ROI<\/button>\r\n    <\/form>\r\n\r\n    <div class=\"result\" id=\"roi-result\">\r\n      <p id=\"roi-message\"><\/p>\r\n      <div id=\"badge-roi\" class=\"badge\"><\/div>\r\n\r\n      <div class=\"metrics\">\r\n        <div class=\"metric\"><b id=\"ca-mensuel\">\u2014<\/b><span>Ingresos mensuales estimados<\/span><\/div>\r\n        <div class=\"metric\"><b id=\"ca-annuel\">\u2014<\/b><span>Ingresos anuales<\/span><\/div>\r\n        <div class=\"metric\"><b id=\"marge-totale\">\u2014<\/b><span>Margen total (duraci\u00f3n del contrato)<\/span><\/div>\r\n        <div class=\"metric\"><b id=\"roi\">\u2014<\/b><span>\u00cdndice de ROI<\/span><\/div>\r\n      <\/div>\r\n    <\/div>\r\n<\/div>\r\n\r\n  <script>\r\n    document.addEventListener(\"DOMContentLoaded\", function() {\r\n      const btn = document.getElementById(\"calculer\");\r\n      const result = document.getElementById(\"roi-result\");\r\n      const msg = document.getElementById(\"roi-message\");\r\n      const badge = document.getElementById(\"badge-roi\");\r\n      const caM = document.getElementById(\"ca-mensuel\");\r\n      const caA = document.getElementById(\"ca-annuel\");\r\n      const margeT = document.getElementById(\"marge-totale\");\r\n      const roiI = document.getElementById(\"roi\");\r\n\r\n      btn.addEventListener(\"click\", function() {\r\n        const contrats = parseFloat(document.getElementById(\"contrats\").value);\r\n        const conso = parseFloat(document.getElementById(\"conso\").value);\r\n        const prix = parseFloat(document.getElementById(\"prix\").value);\r\n        const commission = parseFloat(document.getElementById(\"commission\").value);\r\n        const duree = parseFloat(document.getElementById(\"duree\").value);\r\n\r\n        if (isNaN(contrats) || isNaN(conso) || isNaN(prix) || isNaN(commission) || isNaN(duree)) {\r\n          alert(\"Rellene todos los campos correctamente.\");\r\n          return;\r\n        }\r\n\r\n        \/\/ Calculations\r\n        const gainParContrat = conso * prix * (commission \/ 100);\r\n        const caMensuel = gainParContrat * contrats;\r\n        const caAnnuel = caMensuel * 12;\r\n        const margeTotale = caAnnuel * duree;\r\n\r\n        \/\/ ROI Index (simplified based on annual revenue)\r\n        let roi = 0;\r\n        if (caAnnuel < 50000) roi = 50;\r\n        else if (caAnnuel < 200000) roi = 70;\r\n        else roi = 90;\r\n\r\n        \/\/ Result text and badge\r\n        let message = \"\";\r\n        let classe = \"\";\r\n\r\n        if (roi >= 85) {\r\n    message = \"\ud83d\ude80 <strong>Retorno excelente:<\/strong> su negocio es altamente rentable con un s\u00f3lido rendimiento comercial.\";\r\n    classe = \"excellent\";\r\n} else if (roi >= 60) {\r\n    message = \"\ud83d\udcbc <strong>Buen potencial:<\/strong> su rentabilidad es s\u00f3lida, pero puede optimizarse con una mejor adquisici\u00f3n o m\u00e1rgenes.\";\r\n    classe = \"moyen\";\r\n} else {\r\n    message = \"\u26a0\ufe0f <strong>Rentabilidad limitada:<\/strong> es hora de optimizar sus comisiones, volumen de contratos o estrategia de compra.\";\r\n    classe = \"faible\";\r\n}\r\n\r\n        msg.innerHTML = message;\r\n        badge.textContent = \"ROI: \" + roi + \"%\";\r\n        badge.className = \"badge \" + classe;\r\n\r\n        caM.textContent = caMensuel.toLocaleString(\"en-US\", { style: \"currency\", currency: \"EUR\" });\r\n        caA.textContent = caAnnuel.toLocaleString(\"en-US\", { style: \"currency\", currency: \"EUR\" });\r\n        margeT.textContent = margeTotale.toLocaleString(\"en-US\", { style: \"currency\", currency: \"EUR\" });\r\n        roiI.textContent = roi + \" %\";\r\n\r\n        result.classList.add(\"show\");\r\n        result.scrollIntoView({ behavior: \"smooth\", block: \"start\" });\r\n      });\r\n    });\r\n  <\/script>\r\n<\/div>\r\n<!-- END ROI SIMULATOR -->\t\t\t\t<\/div>\n\t\t\t\t<\/div>\n\t\t\t\t\t<\/div>\n\t\t\t\t<\/div>\n\t\t\t\t<\/div>\n\t\t","protected":false},"excerpt":{"rendered":"<p>Simulador de ROI para corredores de energ\u00eda \u00a0 Este simulador ha sido especialmente dise\u00f1ado para los corredores de energ\u00eda B2B que desean medir la rentabilidad real de su actividad. En pocos segundos, le permite estimar sus ingresos potenciales (volumen de negocios), su margen total y su \u00edndice de rendimiento (ROI) en funci\u00f3n de su volumen [&hellip;]<\/p>\n","protected":false},"author":9,"featured_media":0,"parent":0,"menu_order":0,"comment_status":"closed","ping_status":"closed","template":"","meta":{"_jf_save_progress":"","_jf_schedule_form":"","_jet_sm_ready_style":"","_jet_sm_style":"","_jet_sm_controls_values":"","_jet_sm_fonts_collection":"","_jet_sm_fonts_links":"","_yoast_wpseo_focuskw":"","_yoast_wpseo_metadesc":"","rank_math_focus_keyword":"","rank_math_description":"","footnotes":""},"class_list":["post-6692","page","type-page","status-publish","hentry"],"_links":{"self":[{"href":"https:\/\/energypromag.com\/es\/wp-json\/wp\/v2\/pages\/6692","targetHints":{"allow":["GET"]}}],"collection":[{"href":"https:\/\/energypromag.com\/es\/wp-json\/wp\/v2\/pages"}],"about":[{"href":"https:\/\/energypromag.com\/es\/wp-json\/wp\/v2\/types\/page"}],"author":[{"embeddable":true,"href":"https:\/\/energypromag.com\/es\/wp-json\/wp\/v2\/users\/9"}],"replies":[{"embeddable":true,"href":"https:\/\/energypromag.com\/es\/wp-json\/wp\/v2\/comments?post=6692"}],"version-history":[{"count":4,"href":"https:\/\/energypromag.com\/es\/wp-json\/wp\/v2\/pages\/6692\/revisions"}],"predecessor-version":[{"id":6699,"href":"https:\/\/energypromag.com\/es\/wp-json\/wp\/v2\/pages\/6692\/revisions\/6699"}],"wp:attachment":[{"href":"https:\/\/energypromag.com\/es\/wp-json\/wp\/v2\/media?parent=6692"}],"curies":[{"name":"wp","href":"https:\/\/api.w.org\/{rel}","templated":true}]}}