{"id":6112,"date":"2025-11-23T05:03:11","date_gmt":"2025-11-23T03:03:11","guid":{"rendered":"https:\/\/energypromag.com\/herramientas\/"},"modified":"2025-12-06T02:54:33","modified_gmt":"2025-12-06T00:54:33","slug":"herramientas","status":"publish","type":"page","link":"https:\/\/energypromag.com\/es\/herramientas\/","title":{"rendered":"herramientas"},"content":{"rendered":"\t\t<div data-elementor-type=\"wp-page\" data-elementor-id=\"6112\" class=\"elementor elementor-6112 elementor-4791\" data-elementor-post-type=\"page\">\n\t\t\t\t<div class=\"elementor-element elementor-element-235b19c e-flex e-con-boxed e-con e-parent\" data-id=\"235b19c\" data-element_type=\"container\" data-settings=\"{&quot;jet_parallax_layout_list&quot;:[]}\">\n\t\t\t\t\t<div class=\"e-con-inner\">\n\t\t<div class=\"elementor-element elementor-element-3c61505 e-con-full e-flex e-con e-child\" data-id=\"3c61505\" data-element_type=\"container\" data-settings=\"{&quot;jet_parallax_layout_list&quot;:[]}\">\n\t\t\t\t<div class=\"elementor-element elementor-element-fab17f4 elementor-widget elementor-widget-heading\" data-id=\"fab17f4\" data-element_type=\"widget\" data-widget_type=\"heading.default\">\n\t\t\t\t\t<h2 class=\"elementor-heading-title elementor-size-default\">Herramientas<\/h2>\t\t\t\t<\/div>\n\t\t<div class=\"elementor-element elementor-element-3e37349 e-grid e-con-full e-con e-child\" data-id=\"3e37349\" data-element_type=\"container\" data-settings=\"{&quot;jet_parallax_layout_list&quot;:[]}\">\n\t\t<a class=\"elementor-element elementor-element-16e1741 e-con-full e-flex e-con e-child\" data-id=\"16e1741\" data-element_type=\"container\" data-settings=\"{&quot;jet_parallax_layout_list&quot;:[]}\" href=\"https:\/\/energypromag.com\/es\/cuestionario-para-convertirse-en-agente-energetico\/\">\n\t\t\t\t<div class=\"elementor-element elementor-element-7622227 elementor-widget elementor-widget-image\" data-id=\"7622227\" data-element_type=\"widget\" data-widget_type=\"image.default\">\n\t\t\t\t\t\t\t\t\t\t\t\t\t\t\t<img fetchpriority=\"high\" decoding=\"async\" width=\"800\" height=\"800\" src=\"https:\/\/energypromag.com\/wp-content\/uploads\/2025\/11\/Gemini_Generated_Image_mwfhzfmwfhzfmwfh.png\" class=\"attachment-large size-large wp-image-4919\" alt=\"courtier en \u00e9nergie\" srcset=\"https:\/\/energypromag.com\/wp-content\/uploads\/2025\/11\/Gemini_Generated_Image_mwfhzfmwfhzfmwfh.png 1024w, https:\/\/energypromag.com\/wp-content\/uploads\/2025\/11\/Gemini_Generated_Image_mwfhzfmwfhzfmwfh-300x300.png 300w, https:\/\/energypromag.com\/wp-content\/uploads\/2025\/11\/Gemini_Generated_Image_mwfhzfmwfhzfmwfh-150x150.png 150w, https:\/\/energypromag.com\/wp-content\/uploads\/2025\/11\/Gemini_Generated_Image_mwfhzfmwfhzfmwfh-768x768.png 768w\" sizes=\"(max-width: 800px) 100vw, 800px\">\t\t\t\t\t\t\t\t\t\t\t\t\t\t\t<\/div>\n\t\t\t\t<div class=\"elementor-element elementor-element-551448f elementor-widget elementor-widget-heading\" data-id=\"551448f\" data-element_type=\"widget\" data-widget_type=\"heading.default\">\n\t\t\t\t\t<h2 class=\"elementor-heading-title elementor-size-default\">Cuestionario para convertirse en agente energ\u00e9tico<\/h2>\t\t\t\t<\/div>\n\t\t\t\t<div class=\"elementor-element elementor-element-e29f66d truncate-80 elementor-widget elementor-widget-heading\" data-id=\"e29f66d\" data-element_type=\"widget\" data-widget_type=\"heading.default\">\n\t\t\t\t\t<p class=\"elementor-heading-title elementor-size-default\">Este cuestionario analiza el perfil comercial, la resistencia al estr\u00e9s, la capacidad de persuasi\u00f3n y la \u00e9tica profesional, y luego muestra un resultado personalizado: \u00abCazador\u00bb, \u00abAsesor\u00bb, \u00abVisionario\u00bb o \u00abNo apto por el momento\u00bb.<\/p>\t\t\t\t<\/div>\n\t\t\t\t<\/a>\n\t\t<a class=\"elementor-element elementor-element-ddbceb0 e-con-full e-flex e-con e-child\" data-id=\"ddbceb0\" data-element_type=\"container\" data-settings=\"{&quot;jet_parallax_layout_list&quot;:[]}\" href=\"https:\/\/energypromag.com\/es\/lista-de-verificacion-del-decreto-terciario\/\">\n\t\t\t\t<div class=\"elementor-element elementor-element-79d282e elementor-widget elementor-widget-image\" data-id=\"79d282e\" data-element_type=\"widget\" data-widget_type=\"image.default\">\n\t\t\t\t\t\t\t\t\t\t\t\t\t\t\t<img decoding=\"async\" width=\"800\" height=\"800\" src=\"https:\/\/energypromag.com\/wp-content\/uploads\/2025\/11\/Gemini_Generated_Image_xwa67hxwa67hxwa6.png\" class=\"attachment-large size-large wp-image-4914\" alt=\"courtier en \u00e9nergie\" srcset=\"https:\/\/energypromag.com\/wp-content\/uploads\/2025\/11\/Gemini_Generated_Image_xwa67hxwa67hxwa6.png 1024w, https:\/\/energypromag.com\/wp-content\/uploads\/2025\/11\/Gemini_Generated_Image_xwa67hxwa67hxwa6-300x300.png 300w, https:\/\/energypromag.com\/wp-content\/uploads\/2025\/11\/Gemini_Generated_Image_xwa67hxwa67hxwa6-150x150.png 150w, https:\/\/energypromag.com\/wp-content\/uploads\/2025\/11\/Gemini_Generated_Image_xwa67hxwa67hxwa6-768x768.png 768w\" sizes=\"(max-width: 800px) 100vw, 800px\">\t\t\t\t\t\t\t\t\t\t\t\t\t\t\t<\/div>\n\t\t\t\t<div class=\"elementor-element elementor-element-0744e62 elementor-widget elementor-widget-heading\" data-id=\"0744e62\" data-element_type=\"widget\" data-widget_type=\"heading.default\">\n\t\t\t\t\t<h2 class=\"elementor-heading-title elementor-size-default\">Lista de verificaci\u00f3n del decreto terciario<\/h2>\t\t\t\t<\/div>\n\t\t\t\t<div class=\"elementor-element elementor-element-9b8b9ca truncate-80 elementor-widget elementor-widget-heading\" data-id=\"9b8b9ca\" data-element_type=\"widget\" data-widget_type=\"heading.default\">\n\t\t\t\t\t<div class=\"elementor-heading-title elementor-size-default\">Este cuestionario interactivo le permite evaluar r\u00e1pidamente el cumplimiento de su empresa con el Decreto Terciario, una obligaci\u00f3n normativa que impone una reducci\u00f3n gradual del consumo energ\u00e9tico en los edificios destinados a fines terciarios (sector servicios) con una superficie superior a 1000 m\u00b2. Respondiendo a 10 preguntas clave, identificar\u00e1 su nivel actual de cumplimiento, los puntos que deben corregirse y las acciones prioritarias que deben implementarse para alcanzar sus objetivos de rendimiento energ\u00e9tico (-40 % para 2030).  Dise\u00f1ada para los gestores energ\u00e9ticos y los responsables de instalaciones terciarias, esta herramienta ofrece un an\u00e1lisis inicial gratuito y pr\u00e1ctico para preparar sus auditor\u00edas, sus declaraciones OPERAT o sus futuras optimizaciones energ\u00e9ticas.<\/div>\t\t\t\t<\/div>\n\t\t\t\t<\/a>\n\t\t<a class=\"elementor-element elementor-element-bf039b8 e-con-full e-flex e-con e-child\" data-id=\"bf039b8\" data-element_type=\"container\" data-settings=\"{&quot;jet_parallax_layout_list&quot;:[]}\" href=\"https:\/\/energypromag.com\/es\/simulador-de-ingresos-para-corredores-independientes\/\">\n\t\t\t\t<div class=\"elementor-element elementor-element-db34308 elementor-widget elementor-widget-image\" data-id=\"db34308\" data-element_type=\"widget\" data-widget_type=\"image.default\">\n\t\t\t\t\t\t\t\t\t\t\t\t\t\t\t<img decoding=\"async\" width=\"800\" height=\"800\" src=\"https:\/\/energypromag.com\/wp-content\/uploads\/2025\/11\/Gemini_Generated_Image_kb1r94kb1r94kb1r.png\" class=\"attachment-large size-large wp-image-4895\" alt=\"courtier en \u00e9nergie\" srcset=\"https:\/\/energypromag.com\/wp-content\/uploads\/2025\/11\/Gemini_Generated_Image_kb1r94kb1r94kb1r.png 1024w, https:\/\/energypromag.com\/wp-content\/uploads\/2025\/11\/Gemini_Generated_Image_kb1r94kb1r94kb1r-300x300.png 300w, https:\/\/energypromag.com\/wp-content\/uploads\/2025\/11\/Gemini_Generated_Image_kb1r94kb1r94kb1r-150x150.png 150w, https:\/\/energypromag.com\/wp-content\/uploads\/2025\/11\/Gemini_Generated_Image_kb1r94kb1r94kb1r-768x768.png 768w\" sizes=\"(max-width: 800px) 100vw, 800px\">\t\t\t\t\t\t\t\t\t\t\t\t\t\t\t<\/div>\n\t\t\t\t<div class=\"elementor-element elementor-element-2054971 elementor-widget elementor-widget-heading\" data-id=\"2054971\" data-element_type=\"widget\" data-widget_type=\"heading.default\">\n\t\t\t\t\t<h2 class=\"elementor-heading-title elementor-size-default\">Simulador de ingresos para corredores independientes<\/h2>\t\t\t\t<\/div>\n\t\t\t\t<div class=\"elementor-element elementor-element-0249a86 truncate-80 elementor-widget elementor-widget-heading\" data-id=\"0249a86\" data-element_type=\"widget\" data-widget_type=\"heading.default\">\n\t\t\t\t\t<p class=\"elementor-heading-title elementor-size-default\">Este simulador interactivo le permite calcular sus ingresos mensuales y anuales como agente energ\u00e9tico independiente. Con solo indicar el n\u00famero de clientes, la tasa de comisi\u00f3n, el consumo medio de tus clientes potenciales y la duraci\u00f3n de los contratos, obtendr\u00e1s una estimaci\u00f3n precisa de tus ganancias potenciales en funci\u00f3n de tu ritmo de actividad. Esta herramienta es especialmente \u00fatil para: nuevos corredores que desean evaluar su potencial de ingresos antes de comenzar; corredores independientes que comparan diferentes modelos de remuneraci\u00f3n o proveedores asociados; gestores de redes que desean ilustrar la rentabilidad del negocio a sus nuevos empleados. El simulador te ofrece una visi\u00f3n clara, transparente y motivadora de lo que puede aportar la profesi\u00f3n de agente energ\u00e9tico, en funci\u00f3n de tu esfuerzo, tu rendimiento en ventas y tu capacidad para fidelizar a tus clientes.<\/p>\t\t\t\t<\/div>\n\t\t\t\t<\/a>\n\t\t<a class=\"elementor-element elementor-element-20b30d8 e-con-full e-flex e-con e-child\" data-id=\"20b30d8\" data-element_type=\"container\" data-settings=\"{&quot;jet_parallax_layout_list&quot;:[]}\" href=\"https:\/\/energypromag.com\/es\/calculadora-cee\/\">\n\t\t\t\t<div class=\"elementor-element elementor-element-43c7c3c elementor-widget elementor-widget-image\" data-id=\"43c7c3c\" data-element_type=\"widget\" data-widget_type=\"image.default\">\n\t\t\t\t\t\t\t\t\t\t\t\t\t\t\t<img loading=\"lazy\" decoding=\"async\" width=\"800\" height=\"800\" src=\"https:\/\/energypromag.com\/wp-content\/uploads\/2025\/11\/Gemini_Generated_Image_rhq3gerhq3gerhq3.png\" class=\"attachment-large size-large wp-image-4903\" alt=\"courtier en \u00e9nergie\" srcset=\"https:\/\/energypromag.com\/wp-content\/uploads\/2025\/11\/Gemini_Generated_Image_rhq3gerhq3gerhq3.png 1024w, https:\/\/energypromag.com\/wp-content\/uploads\/2025\/11\/Gemini_Generated_Image_rhq3gerhq3gerhq3-300x300.png 300w, https:\/\/energypromag.com\/wp-content\/uploads\/2025\/11\/Gemini_Generated_Image_rhq3gerhq3gerhq3-150x150.png 150w, https:\/\/energypromag.com\/wp-content\/uploads\/2025\/11\/Gemini_Generated_Image_rhq3gerhq3gerhq3-768x768.png 768w\" sizes=\"(max-width: 800px) 100vw, 800px\">\t\t\t\t\t\t\t\t\t\t\t\t\t\t\t<\/div>\n\t\t\t\t<div class=\"elementor-element elementor-element-d7940b7 elementor-widget elementor-widget-heading\" data-id=\"d7940b7\" data-element_type=\"widget\" data-widget_type=\"heading.default\">\n\t\t\t\t\t<h2 class=\"elementor-heading-title elementor-size-default\">Calculadora CEE<\/h2>\t\t\t\t<\/div>\n\t\t\t\t<div class=\"elementor-element elementor-element-5764499 truncate-80 elementor-widget elementor-widget-heading\" data-id=\"5764499\" data-element_type=\"widget\" data-widget_type=\"heading.default\">\n\t\t\t\t\t<p class=\"elementor-heading-title elementor-size-default\">La calculadora CEE de EnergyProMag es una herramienta sencilla y precisa que permite estimar el importe de las bonificaciones energ\u00e9ticas (primes \u00e9nergie) que una empresa o un cliente profesional puede solicitar al realizar obras de eficiencia energ\u00e9tica.\n\nAl proporcionar algunos datos clave (tipo de obra, superficie, energ\u00eda utilizada, sector de actividad y zona geogr\u00e1fica), la calculadora eval\u00faa autom\u00e1ticamente el volumen de CEE generados y la bonificaci\u00f3n correspondiente, seg\u00fan las escalas oficiales vigentes.\n\nEsta herramienta es especialmente \u00fatil para:\n\nAgentes energ\u00e9ticos que ayudan a sus clientes con la renovaci\u00f3n energ\u00e9tica o la reducci\u00f3n del consumo;\n\nEmpresas terciarias o industriales que buscan financiar parte de su trabajo a trav\u00e9s de los certificados;\n\nEmpresas de consultor\u00eda (Bureaux d'\u00e9tudes) e instaladores que deseen simular el retorno de la inversi\u00f3n de las operaciones subvencionables.\n\nObjetivo: Ayudarle a sacar partido de sus medidas de eficiencia energ\u00e9tica, identificar las obras m\u00e1s rentables e integrar las EEC en sus ofertas comerciales.<\/p>\t\t\t\t<\/div>\n\t\t\t\t<\/a>\n\t\t<a class=\"elementor-element elementor-element-706017c e-con-full e-flex e-con e-child\" data-id=\"706017c\" data-element_type=\"container\" data-settings=\"{&quot;jet_parallax_layout_list&quot;:[]}\" href=\"https:\/\/energypromag.com\/es\/simulador-de-roi-para-corredores-de-energia\/\">\n\t\t\t\t<div class=\"elementor-element elementor-element-10ec047 elementor-widget elementor-widget-image\" data-id=\"10ec047\" data-element_type=\"widget\" data-widget_type=\"image.default\">\n\t\t\t\t\t\t\t\t\t\t\t\t\t\t\t<img loading=\"lazy\" decoding=\"async\" width=\"800\" height=\"800\" src=\"https:\/\/energypromag.com\/wp-content\/uploads\/2025\/11\/Gemini_Generated_Image_2cf5pz2cf5pz2cf5.png\" class=\"attachment-large size-large wp-image-4907\" alt=\"courtier en \u00e9nergie\" srcset=\"https:\/\/energypromag.com\/wp-content\/uploads\/2025\/11\/Gemini_Generated_Image_2cf5pz2cf5pz2cf5.png 1024w, https:\/\/energypromag.com\/wp-content\/uploads\/2025\/11\/Gemini_Generated_Image_2cf5pz2cf5pz2cf5-300x300.png 300w, https:\/\/energypromag.com\/wp-content\/uploads\/2025\/11\/Gemini_Generated_Image_2cf5pz2cf5pz2cf5-150x150.png 150w, https:\/\/energypromag.com\/wp-content\/uploads\/2025\/11\/Gemini_Generated_Image_2cf5pz2cf5pz2cf5-768x768.png 768w\" sizes=\"(max-width: 800px) 100vw, 800px\">\t\t\t\t\t\t\t\t\t\t\t\t\t\t\t<\/div>\n\t\t\t\t<div class=\"elementor-element elementor-element-c27196b elementor-widget elementor-widget-heading\" data-id=\"c27196b\" data-element_type=\"widget\" data-widget_type=\"heading.default\">\n\t\t\t\t\t<h2 class=\"elementor-heading-title elementor-size-default\">Simulador de ROI para corredores de energ\u00eda<\/h2>\t\t\t\t<\/div>\n\t\t\t\t<div class=\"elementor-element elementor-element-2414c21 truncate-80 elementor-widget elementor-widget-heading\" data-id=\"2414c21\" data-element_type=\"widget\" data-widget_type=\"heading.default\">\n\t\t\t\t\t<p class=\"elementor-heading-title elementor-size-default\">Este simulador ha sido especialmente dise\u00f1ado para los corredores de energ\u00eda B2B que desean medir la rentabilidad real de su actividad.\n\nEn pocos segundos, le permite estimar sus ingresos potenciales (volumen de negocios), su margen total y su \u00edndice de rendimiento (ROI) en funci\u00f3n de su volumen de contratos, su tasa de comisi\u00f3n y el precio medio negociado con los proveedores.\n\nThis tool is ideal for:\n\nEvaluaci\u00f3n de la viabilidad econ\u00f3mica de su empresa o red de corretaje.\n\nIdentificar las palancas de optimizaci\u00f3n para su rentabilidad (comisiones, duraci\u00f3n del contrato, volumen de clientes);\n\nComparar diferentes escenarios de crecimiento antes de una contrataci\u00f3n o asociaci\u00f3n con un proveedor.\n\nEl resultado: una visi\u00f3n clara y cuantificada de su rendimiento anual de la inversi\u00f3n, esencial para gestionar su actividad como un aut\u00e9ntico l\u00edder empresarial.<\/p>\t\t\t\t<\/div>\n\t\t\t\t<\/a>\n\t\t\t\t<\/div>\n\t\t\t\t<\/div>\n\t\t\t\t\t<\/div>\n\t\t\t\t<\/div>\n\t\t\t\t<\/div>\n\t\t","protected":false},"excerpt":{"rendered":"<p>Herramientas Cuestionario para convertirse en agente energ\u00e9tico Este cuestionario analiza el perfil comercial, la resistencia al estr\u00e9s, la capacidad de persuasi\u00f3n y la \u00e9tica profesional, y luego muestra un resultado personalizado: \u00abCazador\u00bb, \u00abAsesor\u00bb, \u00abVisionario\u00bb o \u00abNo apto por el momento\u00bb. Lista de verificaci\u00f3n del decreto terciario Este cuestionario interactivo le permite evaluar r\u00e1pidamente el cumplimiento [&hellip;]<\/p>\n","protected":false},"author":9,"featured_media":0,"parent":0,"menu_order":0,"comment_status":"closed","ping_status":"closed","template":"elementor_header_footer","meta":{"_jf_save_progress":"","_jf_schedule_form":"","_jet_sm_ready_style":"","_jet_sm_style":"","_jet_sm_controls_values":"","_jet_sm_fonts_collection":"","_jet_sm_fonts_links":"","_yoast_wpseo_focuskw":"","_yoast_wpseo_metadesc":"","rank_math_focus_keyword":"","rank_math_description":"","footnotes":""},"class_list":["post-6112","page","type-page","status-publish","hentry"],"_links":{"self":[{"href":"https:\/\/energypromag.com\/es\/wp-json\/wp\/v2\/pages\/6112","targetHints":{"allow":["GET"]}}],"collection":[{"href":"https:\/\/energypromag.com\/es\/wp-json\/wp\/v2\/pages"}],"about":[{"href":"https:\/\/energypromag.com\/es\/wp-json\/wp\/v2\/types\/page"}],"author":[{"embeddable":true,"href":"https:\/\/energypromag.com\/es\/wp-json\/wp\/v2\/users\/9"}],"replies":[{"embeddable":true,"href":"https:\/\/energypromag.com\/es\/wp-json\/wp\/v2\/comments?post=6112"}],"version-history":[{"count":7,"href":"https:\/\/energypromag.com\/es\/wp-json\/wp\/v2\/pages\/6112\/revisions"}],"predecessor-version":[{"id":6739,"href":"https:\/\/energypromag.com\/es\/wp-json\/wp\/v2\/pages\/6112\/revisions\/6739"}],"wp:attachment":[{"href":"https:\/\/energypromag.com\/es\/wp-json\/wp\/v2\/media?parent=6112"}],"curies":[{"name":"wp","href":"https:\/\/api.w.org\/{rel}","templated":true}]}}